{"id":318,"date":"2022-04-13T09:20:48","date_gmt":"2022-04-13T09:20:48","guid":{"rendered":"https:\/\/nansah.com\/home\/"},"modified":"2024-04-12T04:38:05","modified_gmt":"2024-04-12T04:38:05","slug":"home","status":"publish","type":"page","link":"https:\/\/nansah.com\/tr\/","title":{"rendered":"Nanshacom"},"content":{"rendered":"\n<p>Web sitesi &#8220;Size tavsiye ediyoruz&#8221;, t\u00fcm alanlarda ve konularda uzmanlardan se\u00e7ilen \u00e7evrimi\u00e7i en iyi Arap\u00e7a i\u00e7eri\u011fi sa\u011flar. Sa\u011fl\u0131k, g\u00fczellik, teknoloji, seyahat, e\u011fitim veya ba\u015fka bir alanda ipu\u00e7lar\u0131 ar\u0131yorsan\u0131z, ihtiya\u00e7lar\u0131n\u0131z\u0131 kar\u015f\u0131layan \u015feyleri bulacaks\u0131n\u0131z. Her zaman g\u00fcnl\u00fck ya\u015fam\u0131n\u0131zda size yard\u0131mc\u0131 olacak anlaml\u0131 ve yararl\u0131 i\u00e7erikler sunmaya \u00e7al\u0131\u015f\u0131yoruz. Sitemizde daha fazla bilgi edinin ve size sundu\u011fumuz ilgin\u00e7 makaleleri ve de\u011ferli bilgileri okumaktan zevk al\u0131n.<\/p>\n\n\n\n<figure class=\"wp-block-image size-full\"><img data-dominant-color=\"f26b92\" data-has-transparency=\"true\" style=\"--dominant-color: #f26b92;\" loading=\"lazy\" decoding=\"async\" width=\"1081\" height=\"1081\" sizes=\"auto, (max-width:767px) 480px, (max-width:fpx) 100vw, fpx\" src=\"https:\/\/nansah.com\/wp-content\/uploads\/2024\/04\/\u0646\u0646\u0635\u062d\u0643\u0645-\u0644\u0648\u062c\u0648.png\" alt=\"\u0646\u0646\u0635\u062d\u0643\u0645\" class=\"wp-image-121 has-transparency\" srcset=\"https:\/\/nansah.com\/wp-content\/uploads\/2024\/04\/\u0646\u0646\u0635\u062d\u0643\u0645-\u0644\u0648\u062c\u0648.png 1081w, https:\/\/nansah.com\/wp-content\/uploads\/2024\/04\/\u0646\u0646\u0635\u062d\u0643\u0645-\u0644\u0648\u062c\u0648-500x500.png 500w, https:\/\/nansah.com\/wp-content\/uploads\/2024\/04\/\u0646\u0646\u0635\u062d\u0643\u0645-\u0644\u0648\u062c\u0648-300x300.png 300w, https:\/\/nansah.com\/wp-content\/uploads\/2024\/04\/\u0646\u0646\u0635\u062d\u0643\u0645-\u0644\u0648\u062c\u0648-768x768.png 768w, https:\/\/nansah.com\/wp-content\/uploads\/2024\/04\/\u0646\u0646\u0635\u062d\u0643\u0645-\u0644\u0648\u062c\u0648-150x150.png 150w, https:\/\/nansah.com\/wp-content\/uploads\/2024\/04\/\u0646\u0646\u0635\u062d\u0643\u0645-\u0644\u0648\u062c\u0648-75x75.png 75w, https:\/\/nansah.com\/wp-content\/uploads\/2024\/04\/\u0646\u0646\u0635\u062d\u0643\u0645-\u0644\u0648\u062c\u0648-480x480.png 480w\" \/><\/figure>\n\n\n\n<h1 class=\"wp-block-heading\"><a href=\"https:\/\/nansah.com\/tr\/pricing\/\">Size ne sunuyoruz?<\/a><\/h1>\n\n\n\n<p>Hayat\u0131n\u0131z\u0131n t\u00fcm y\u00f6nlerini geli\u015ftirmenize olanak tan\u0131yan en iyi tavsiye ve bilgileri elinize veriyoruz, hayat\u0131n\u0131z\u0131 iyile\u015ftirme yolculu\u011funa ba\u015flaman\u0131n zaman\u0131 geldi, size gerekli deste\u011fi ve ilham\u0131 vermek i\u00e7in buraday\u0131z. Zihinsel ve fiziksel sa\u011fl\u0131\u011f\u0131n\u0131z\u0131 geli\u015ftirmek i\u00e7in etkili stratejileri ve i\u015f ve ki\u015fisel ya\u015fam\u0131 nas\u0131l dengeleyece\u011finizi sizinle payla\u015faca\u011f\u0131z. Sosyal ve aile ili\u015fkilerinizi geli\u015ftirmek i\u00e7in en iyi ipu\u00e7lar\u0131n\u0131 bulacaks\u0131n\u0131z, ayn\u0131 zamanda hedeflerinize ula\u015fmak ve becerilerinizi geli\u015ftirmek i\u00e7in sizi motive edeceksiniz. G\u00fcnl\u00fck hayat\u0131n\u0131zda ba\u015far\u0131 ve mutluluk elde etmenize yard\u0131mc\u0131 olacak ilham verici makalelerimizin tad\u0131n\u0131 \u00e7\u0131karmak i\u00e7in bizimle kal\u0131n.<\/p>\n\n\n\n<h2 class=\"wp-block-heading\">Her g\u00fcn tavsiye ediyoruz<\/h2>\n\n\n\n<figure class=\"wp-block-image size-full is-resized\"><img data-dominant-color=\"dddbda\" data-has-transparency=\"false\" loading=\"lazy\" decoding=\"async\" width=\"900\" height=\"1200\" sizes=\"auto, (max-width:767px) 480px, (max-width:fpx) 100vw, fpx\" src=\"https:\/\/nansah.com\/wp-content\/uploads\/2024\/04\/hxyuc9x3jk4-jpg.webp\" alt=\"\u0646\u0646\u0635\u062d\u0643\u0645 - \u0627\u0644\u0646\u0635\u0627\u0626\u062d \u0627\u0644\u064a\u0648\u0645\u064a\u0629\" class=\"wp-image-273 not-transparent\" style=\"--dominant-color: #dddbda; width:206px;height:auto\" srcset=\"https:\/\/nansah.com\/wp-content\/uploads\/2024\/04\/hxyuc9x3jk4-jpg.webp 900w, https:\/\/nansah.com\/wp-content\/uploads\/2024\/04\/hxyuc9x3jk4-375x500.webp 375w, https:\/\/nansah.com\/wp-content\/uploads\/2024\/04\/hxyuc9x3jk4-225x300.webp 225w, https:\/\/nansah.com\/wp-content\/uploads\/2024\/04\/hxyuc9x3jk4-768x1024.webp 768w, https:\/\/nansah.com\/wp-content\/uploads\/2024\/04\/hxyuc9x3jk4-56x75.webp 56w, https:\/\/nansah.com\/wp-content\/uploads\/2024\/04\/hxyuc9x3jk4-480x640.webp 480w\" \/><\/figure>\n\n\n\n<p>Hem i\u015f hem de sosyal ili\u015fkiler, aile ve \u00e7ocuk yeti\u015ftirme alanlar\u0131nda size de\u011ferli bilgiler ve yararl\u0131 tavsiyeler sunmaya \u00e7al\u0131\u015f\u0131yoruz, sa\u011fl\u0131k ve d\u00fczenli egzersizin \u00f6nemi hakk\u0131nda tavsiyeler. Ayr\u0131ca, teknoloji ve yapay zeka uygulamalar\u0131 hakk\u0131nda ve bunlar\u0131n g\u00fcnl\u00fck ya\u015fam\u0131n\u0131z\u0131 iyile\u015ftirmeye ve kolayla\u015ft\u0131rmaya nas\u0131l katk\u0131da bulunabilece\u011fi konusunda size faydal\u0131 bilgiler sunaca\u011f\u0131z. Size yard\u0131mc\u0131 olmak ve ihtiyac\u0131n\u0131z olan deste\u011fi sa\u011flamak i\u00e7in buraday\u0131z, cevaplamak istedi\u011finiz sorular\u0131 sormaktan \u00e7ekinmeyin.<\/p>\n\n\n\n<h2 class=\"wp-block-heading\">uzman ipu\u00e7lar\u0131<\/h2>\n\n\n\n<figure class=\"wp-block-image size-large is-resized\"><img data-dominant-color=\"6f594e\" data-has-transparency=\"false\" loading=\"lazy\" decoding=\"async\" width=\"1200\" height=\"800\" sizes=\"auto, (max-width:767px) 480px, (max-width:lpx) 100vw, lpx\" src=\"https:\/\/nansah.com\/wp-content\/uploads\/2024\/04\/4r72lpfh4ik-1200x800.webp\" alt=\"\u0646\u0646\u0635\u062d\u0643\u0645 - \u0646\u0635\u0627\u0626\u062d \u0627\u0644\u062e\u0628\u0631\u0627\u0621\" class=\"wp-image-276 not-transparent\" style=\"--dominant-color: #6f594e; width:459px;height:auto\" srcset=\"https:\/\/nansah.com\/wp-content\/uploads\/2024\/04\/4r72lpfh4ik-1200x800.webp 1200w, https:\/\/nansah.com\/wp-content\/uploads\/2024\/04\/4r72lpfh4ik-500x333.webp 500w, https:\/\/nansah.com\/wp-content\/uploads\/2024\/04\/4r72lpfh4ik-300x200.webp 300w, https:\/\/nansah.com\/wp-content\/uploads\/2024\/04\/4r72lpfh4ik-768x512.webp 768w, https:\/\/nansah.com\/wp-content\/uploads\/2024\/04\/4r72lpfh4ik-112x75.webp 112w, https:\/\/nansah.com\/wp-content\/uploads\/2024\/04\/4r72lpfh4ik-480x320.webp 480w\" \/><\/figure>\n\n\n\n<p>Uzmanlar, size zaman kazand\u0131ran ve uzmanlar\u0131n bilgisi ve kapsaml\u0131 bilgisi sayesinde size m\u00fckemmel bir pratik rehber sunan alanlar\u0131nda do\u011fru ve yararl\u0131 geri bildirimler sa\u011flar, farkl\u0131 alanlar\u0131nda do\u011fru ve de\u011ferli bilgiler i\u00e7in g\u00f6r\u00fc\u015flerine g\u00fcvenebilirsiniz. Sa\u011fl\u0131k, teknoloji, k\u00fclt\u00fcr veya ba\u015fka bir alanda ipu\u00e7lar\u0131 ar\u0131yorsan\u0131z olsun, zamandan tasarruf etmek ve do\u011fru kararlar\u0131 vermenize yard\u0131mc\u0131 olacak m\u00fckemmel bir pratik rehber almak i\u00e7in bilgilerinden yararlanabilirsiniz. Uzmanlara dan\u0131\u015fmaya ve ya\u015famlar\u0131n\u0131zda ba\u015far\u0131 ve ilerleme sa\u011flamak i\u00e7in deneyimlerinden yararlanmaya her zaman dikkat edin.<\/p>\n\n\n\n<h2 class=\"wp-block-heading\">\u00fcr\u00fcn incelemeleri<\/h2>\n\n\n\n<figure class=\"wp-block-image size-large is-resized\"><img data-dominant-color=\"c0c0c5\" data-has-transparency=\"false\" loading=\"lazy\" decoding=\"async\" width=\"1200\" height=\"800\" sizes=\"auto, (max-width:767px) 480px, (max-width:lpx) 100vw, lpx\" src=\"https:\/\/nansah.com\/wp-content\/uploads\/2024\/04\/kslptsyaqiq-1200x800.webp\" alt=\"\u0646\u0646\u0635\u062d\u0643\u0645 - \u0645\u0631\u0627\u062c\u0639\u0629 \u0645\u0646\u062a\u062c\u0627\u062a\" class=\"wp-image-279 not-transparent\" style=\"--dominant-color: #c0c0c5; width:320px;height:auto\" srcset=\"https:\/\/nansah.com\/wp-content\/uploads\/2024\/04\/kslptsyaqiq-1200x800.webp 1200w, https:\/\/nansah.com\/wp-content\/uploads\/2024\/04\/kslptsyaqiq-500x333.webp 500w, https:\/\/nansah.com\/wp-content\/uploads\/2024\/04\/kslptsyaqiq-300x200.webp 300w, https:\/\/nansah.com\/wp-content\/uploads\/2024\/04\/kslptsyaqiq-768x512.webp 768w, https:\/\/nansah.com\/wp-content\/uploads\/2024\/04\/kslptsyaqiq-112x75.webp 112w, https:\/\/nansah.com\/wp-content\/uploads\/2024\/04\/kslptsyaqiq-480x320.webp 480w\" \/><\/figure>\n\n\n\n<p>D\u00fczenli \u00fcr\u00fcn incelememiz sayesinde, her zaman \u00fcr\u00fcn sat\u0131n al\u0131rken do\u011fru karar\u0131 vermenize yard\u0131mc\u0131 olacak kapsaml\u0131 ve do\u011fru incelemeler sunmaya \u00e7al\u0131\u015f\u0131yoruz. Se\u00e7im s\u00fcrecinizi kolayla\u015ft\u0131rmak i\u00e7in \u00f6zellikler ve dezavantajlar hakk\u0131nda yararl\u0131 ve kapsaml\u0131 bilgiler sunuyoruz. Kapsaml\u0131 ve objektif bilgiye dayal\u0131 uygun karar\u0131 vermenize yard\u0131mc\u0131 olacak rehberlik sa\u011flamak i\u00e7in buraday\u0131z.<\/p>\n\n\n\n<h2 class=\"wp-block-heading\">\u00d6zel dan\u0131\u015fmanl\u0131k<\/h2>\n\n\n\n<figure class=\"wp-block-image size-full is-resized\"><img data-dominant-color=\"575751\" data-has-transparency=\"false\" loading=\"lazy\" decoding=\"async\" width=\"800\" height=\"1200\" sizes=\"auto, (max-width:767px) 480px, (max-width:fpx) 100vw, fpx\" src=\"https:\/\/nansah.com\/wp-content\/uploads\/2024\/04\/fcdtugf7tec-jpg.webp\" alt=\"\u0646\u0646\u0635\u062d\u0643\u0645 - \u0627\u0633\u062a\u0634\u0627\u0631\u0627\u062a \u062e\u0627\u0635\u0629\" class=\"wp-image-282 not-transparent\" style=\"--dominant-color: #575751; width:197px;height:auto\" srcset=\"https:\/\/nansah.com\/wp-content\/uploads\/2024\/04\/fcdtugf7tec-jpg.webp 800w, https:\/\/nansah.com\/wp-content\/uploads\/2024\/04\/fcdtugf7tec-333x500.webp 333w, https:\/\/nansah.com\/wp-content\/uploads\/2024\/04\/fcdtugf7tec-200x300.webp 200w, https:\/\/nansah.com\/wp-content\/uploads\/2024\/04\/fcdtugf7tec-768x1152.webp 768w, https:\/\/nansah.com\/wp-content\/uploads\/2024\/04\/fcdtugf7tec-50x75.webp 50w, https:\/\/nansah.com\/wp-content\/uploads\/2024\/04\/fcdtugf7tec-480x720.webp 480w\" \/><\/figure>\n\n\n\n<p>Web sitemizle, durumunuz i\u00e7in \u00f6zel rehberlik sa\u011flayabilecek kendi alanlar\u0131ndaki uzmanlarla randevu alabilirsiniz. Do\u011fru zamanda do\u011fru tavsiye ve deste\u011fi alman\u0131n \u00f6neminin fark\u0131nday\u0131z. Bu nedenle, sa\u011fl\u0131k ihtiya\u00e7lar\u0131n\u0131za uygun uzmanlar\u0131 bulman\u0131za yard\u0131mc\u0131 olmak i\u00e7in buraday\u0131z. Web sitemiz arac\u0131l\u0131\u011f\u0131yla, uzmanlar\u0131yla randevu alabilir ve durumunuz i\u00e7in ihtiyac\u0131n\u0131z olan \u00f6zel rehberli\u011fi alabilirsiniz. Emin olun, ya\u015fam kalitenizi ve sa\u011fl\u0131\u011f\u0131n\u0131z\u0131 iyile\u015ftirmeyi ama\u00e7layan iyi ve profesyonel ellerde olursunuz.<\/p>\n\n\n\n<h2 class=\"wp-block-heading\">kariyer f\u0131rsatlar\u0131<\/h2>\n\n\n\n<p>Sitemizi periyodik olarak okuyarak hayattaki en iyi i\u015f geli\u015ftirme f\u0131rsatlar\u0131n\u0131 bulabilir, s\u00fcrekli bizi ziyaret etti\u011finizden emin olabilir, g\u00f6r\u00fc\u015f ve yorumlar\u0131n\u0131z\u0131 b\u0131rakabilirsiniz, ve hayat\u0131n\u0131z\u0131 daha iyi hale getirecek daha fazla i\u00e7erik ve bilgi sa\u011flamak i\u00e7in soru sormaktan \u00e7ekinmeyin. \u0130\u00e7eri\u011fi arkada\u015flar\u0131n\u0131z ve akrabalar\u0131n\u0131zla da payla\u015fabilirsiniz, b\u00f6ylece sunduklar\u0131m\u0131zdan da faydalanabilirler.<\/p>\n\n\n\n<p>Bizimle ileti\u015fimde kalmaktan ve g\u00f6r\u00fc\u015flerinizi ve yorumlar\u0131n\u0131z\u0131 payla\u015fmaktan mutluluk duyaca\u011f\u0131z. Hedeflerinize ula\u015fman\u0131za ve ya\u015fam kalitenizi art\u0131rman\u0131za yard\u0131mc\u0131 olabilecek en iyi f\u0131rsatlara ve kaynaklara eri\u015fmenize yard\u0131mc\u0131 olmak i\u00e7in buraday\u0131z. \u0130htiyac\u0131n\u0131z olan herhangi bir konuyu sormaktan ve sormaktan \u00e7ekinmeyin, ekibimiz her zaman size yard\u0131mc\u0131 olmaya haz\u0131rd\u0131r. Uyumlu kal\u0131n ve sevdiklerinizle bilgi payla\u015f\u0131n, \u00e7\u00fcnk\u00fc bilgi de\u011fi\u015fim ve yay\u0131lma ile artar. Sizi desteklemek ve elimizden gelen her konuda yard\u0131m sa\u011flamak ve d\u00fc\u015f\u00fcncelerinizi ve sorular\u0131n\u0131z\u0131 g\u00fcvenle payla\u015fmak i\u00e7in buraday\u0131z.<\/p>\n\n\n\n<p>Emin olun, ya\u015fam kalitenizi ve sa\u011fl\u0131\u011f\u0131n\u0131z\u0131 iyile\u015ftirmeyi ama\u00e7layan g\u00fcvenli ve profesyonel ellerdesiniz. Web sitemize d\u00fczenli ziyaretler yaparak en iyi i\u015f f\u0131rsatlar\u0131n\u0131 ve ki\u015fisel geli\u015fimi bulun. Sa\u011flad\u0131\u011f\u0131m\u0131z bilgilerden yararlanmak i\u00e7in i\u00e7eri\u011fimizi arkada\u015flar\u0131n\u0131z ve ailenizle payla\u015fmaktan \u00e7ekinmeyin. Sizi desteklemek ve hedeflerinize ula\u015fman\u0131za yard\u0131mc\u0131 olmak i\u00e7in buraday\u0131z. D\u00fc\u015f\u00fcncelerinizi ve sorular\u0131n\u0131z\u0131 bizimle g\u00fcvenle payla\u015f\u0131n.<\/p>\n\n\n\n<p>Hedeflerinize ula\u015fman\u0131za ve ya\u015fam kalitenizi art\u0131rman\u0131za yard\u0131mc\u0131 olabilecek en iyi f\u0131rsatlara ve kaynaklara eri\u015fmenize yard\u0131mc\u0131 olmak i\u00e7in buraday\u0131z. \u0130htiyac\u0131n\u0131z olan herhangi bir konuda soru sormaktan veya soru sormaktan \u00e7ekinmeyin, \u00e7\u00fcnk\u00fc ekibimiz size her zaman yard\u0131mc\u0131 olmaya haz\u0131rd\u0131r. Bilgi de\u011fi\u015fim ve yay\u0131lma yoluyla b\u00fcy\u00fcd\u00fck\u00e7e, bizi izlemeye devam edin ve sevdiklerinizle bilgi payla\u015f\u0131n. Sizi desteklemek ve elimizden geldi\u011fince yard\u0131m sa\u011flamak i\u00e7in buraday\u0131z, bu nedenle d\u00fc\u015f\u00fcncelerinizi ve sorular\u0131n\u0131z\u0131 g\u00fcvenle payla\u015f\u0131n. Hayat\u0131n\u0131z\u0131 ve refah\u0131n\u0131z\u0131 artt\u0131rmay\u0131 ama\u00e7layan g\u00fcvenli ve profesyonel ellerde oldu\u011funuzdan emin olabilirsiniz. En iyi i\u015f f\u0131rsatlar\u0131 ve ki\u015fisel geli\u015fim kaynaklar\u0131 i\u00e7in web sitemizi ke\u015ffedin. Sa\u011flad\u0131\u011f\u0131m\u0131z bilgilerden yararlanmak i\u00e7in i\u00e7eri\u011fimizi arkada\u015flar\u0131n\u0131z ve ailenizle payla\u015f\u0131n. Hedeflerinize ula\u015fman\u0131z i\u00e7in sizi desteklemeye ve size yard\u0131mc\u0131 olmaya kararl\u0131y\u0131z. D\u00fc\u015f\u00fcncelerinizi ve sorular\u0131n\u0131z\u0131 bizimle g\u00fcvenle payla\u015f\u0131n.<\/p>\n\n    <div class=\"xs_social_share_widget xs_share_url after_content \t\tmain_content  wslu-style-2 wslu-share-box-shaped wslu-fill-colored wslu-share-m-5 wslu-none wslu-share-horizontal wslu-theme-font-no wslu-main_content\">\n\n\t\t\n            <div class=\"wslu-share-count\">\n                <span class=\"wslu-share-count--total\">0<\/span>\n                <span class=\"wslu-share-count--text\">Shares<\/span>\n            <\/div>\n\n\t\t\n        <ul>\n\t\t\t        <\/ul>\n    <\/div> \n","protected":false},"excerpt":{"rendered":"<p>Web sitesi &#8220;Size tavsiye ediyoruz&#8221;, t\u00fcm alanlarda ve konularda uzmanlardan se\u00e7ilen \u00e7evrimi\u00e7i en iyi Arap\u00e7a i\u00e7eri\u011fi sa\u011flar. Sa\u011fl\u0131k, g\u00fczellik, teknoloji, seyahat,<span class=\"excerpt-hellip\"> [\u2026]<\/span><\/p>\n","protected":false},"author":1,"featured_media":240,"parent":0,"menu_order":0,"comment_status":"open","ping_status":"closed","template":"","meta":{"footnotes":""},"class_list":["post-318","page","type-page","status-publish","has-post-thumbnail","hentry"],"_links":{"self":[{"href":"https:\/\/nansah.com\/tr\/wp-json\/wp\/v2\/pages\/318","targetHints":{"allow":["GET"]}}],"collection":[{"href":"https:\/\/nansah.com\/tr\/wp-json\/wp\/v2\/pages"}],"about":[{"href":"https:\/\/nansah.com\/tr\/wp-json\/wp\/v2\/types\/page"}],"author":[{"embeddable":true,"href":"https:\/\/nansah.com\/tr\/wp-json\/wp\/v2\/users\/1"}],"replies":[{"embeddable":true,"href":"https:\/\/nansah.com\/tr\/wp-json\/wp\/v2\/comments?post=318"}],"version-history":[{"count":2,"href":"https:\/\/nansah.com\/tr\/wp-json\/wp\/v2\/pages\/318\/revisions"}],"predecessor-version":[{"id":326,"href":"https:\/\/nansah.com\/tr\/wp-json\/wp\/v2\/pages\/318\/revisions\/326"}],"wp:featuredmedia":[{"embeddable":true,"href":"https:\/\/nansah.com\/tr\/wp-json\/wp\/v2\/media\/240"}],"wp:attachment":[{"href":"https:\/\/nansah.com\/tr\/wp-json\/wp\/v2\/media?parent=318"}],"curies":[{"name":"wp","href":"https:\/\/api.w.org\/{rel}","templated":true}]}}